{"id":780,"date":"2024-01-25T17:30:22","date_gmt":"2024-01-25T16:30:22","guid":{"rendered":"https:\/\/www.rosacontreras.net\/?page_id=780"},"modified":"2024-03-04T10:32:46","modified_gmt":"2024-03-04T09:32:46","slug":"aviso-legal","status":"publish","type":"page","link":"https:\/\/www.rosacontreras.net\/ca\/aviso-legal\/","title":{"rendered":"Av\u00eds legal"},"content":{"rendered":"<div data-elementor-type=\"wp-page\" data-elementor-id=\"780\" class=\"elementor elementor-780\" data-elementor-post-type=\"page\">\n\t\t\t\t<div class=\"elementor-element elementor-element-9725535 e-con-full e-flex e-con e-parent\" data-id=\"9725535\" data-element_type=\"container\" data-e-type=\"container\">\n\t\t\t\t<div class=\"elementor-element elementor-element-180d6fe elementor-widget__width-initial elementor-invisible elementor-widget elementor-widget-heading\" data-id=\"180d6fe\" data-element_type=\"widget\" data-e-type=\"widget\" data-settings=\"{&quot;_animation&quot;:&quot;fadeInDown&quot;}\" data-widget_type=\"heading.default\">\n\t\t\t\t<div class=\"elementor-widget-container\">\n\t\t\t\t\t<h4 class=\"elementor-heading-title elementor-size-default\">Av\u00eds legal<\/h4>\t\t\t\t<\/div>\n\t\t\t\t<\/div>\n\t\t\t\t<div class=\"elementor-element elementor-element-da53185 elementor-widget elementor-widget-text-editor\" data-id=\"da53185\" data-element_type=\"widget\" data-e-type=\"widget\" data-widget_type=\"text-editor.default\">\n\t\t\t\t<div class=\"elementor-widget-container\">\n\t\t\t\t\t\t\t\t\t<p class=\"p1\"><span class=\"s1\">Aquesta p\u00e0gina web \u00e9s propietat de ROSA CONTRERAS HERAS, (en endavant ROSA CONTRERAS) amb NIF n\u00fam. 40435946Z i domicili a C\/Dr. Ferran, 2, 17190, Salt, Girona (Espanya).<\/span><\/p><p class=\"p1\"><span class=\"s1\">Per a qualsevol consulta o proposta, contacteu amb nosaltres al tel\u00e8fon +34 628 54 93 99 mitjan\u00e7ant l\u2019adre\u00e7a de correu electr\u00f2nic <a href=\"mailto:hola@rosacontreras.net\"><span class=\"s2\">hola@rosacontreras.net<\/span><\/a>. <\/span><\/p><p class=\"p1\"><span class=\"s1\">Aquesta p\u00e0gina web es regeix per la normativa exclusivament aplicable a Espanya, i hi queden sotmeses tant les persones nacionals com estrangeres que utilitzin aquesta web.<\/span><\/p><p class=\"p1\"><span class=\"s1\">Tota persona que accedeixi a aquesta p\u00e0gina web ser\u00e0 considerada PERSONA USU\u00c0RIA. \nL\u2019acc\u00e9s a la nostra p\u00e0gina web per part de la PERSONA USU\u00c0RIA \u00e9s gratu\u00eft i el seu \u00fas per part de la mateixa es regeix per les condicions d\u2019\u00fas vigents en el moment de l\u2019acc\u00e9s (d'ara endavant, les Condicions generals d\u2019\u00fas), que preguem que llegeixi detingudament. Si la PERSONA USU\u00c0RIA no estigu\u00e9s d\u2019acord amb aquestes Condicions generals d\u2019\u00fas, haur\u00e0 d\u2019abstenir-se d\u2019utilitzar aquest portal i d\u2019operar per mitj\u00e0 d\u2019aquest, podent contactar amb nosaltres perqu\u00e8 li resolguem qualsevol dubte amb relaci\u00f3 a aquestes.<\/span><\/p><p class=\"p1\"><span class=\"s1\">El subministrament de dades personals a trav\u00e9s del nostre portal requereix una edat m\u00ednima de 14 anys o, si escau, disposar de prou capacitat jur\u00eddica per contractar.<\/span><\/p><p class=\"p1\"><span class=\"s1\">En qualsevol moment podrem modificar la presentaci\u00f3 i configuraci\u00f3 de la nostra web, ampliar o reduir serveis, i fins i tot suprimir-la de la xarxa, de la mateixa manera que els serveis i continguts prestats.<\/span><\/p><p class=\"p3\"><span class=\"s1\"><b>A. PROPIETAT INTEL\u00b7LECTUAL<\/b><\/span><\/p><p class=\"p1\"><span class=\"s1\">Tots els continguts, textos, imatges i codis font s\u00f3n propietat de ROSA CONTRERAS o de tercers dels quals s\u2019han adquirit els seus drets d\u2019explotaci\u00f3, i estan protegits per drets de propietat intel\u00b7lectual i industrial.<\/span><\/p><p class=\"p1\"><span class=\"s1\">La PERSONA USU\u00c0RIA \u00fanicament t\u00e9 dret a usar-los privadament, sense \u00e0nim de lucre, i necessita autoritzaci\u00f3 expressa per modificar-los, reproduir-los, explotar-los, distribuir-los o exercir qualsevol dret pertanyent al seu titular.<\/span><\/p><p class=\"p1\"><span class=\"s1\">L\u2019establiment d\u2019enlla\u00e7os al nostre portal no confereix cap dret sobre aquest. Igualment, el simple fet d\u2019establir un enlla\u00e7 a la nostra p\u00e0gina web no dona dret a atorgar-se la categoria de col\u00b7laborador o soci.<\/span><\/p><p class=\"p1\"><span class=\"s1\">ROSA CONTRERAS queda exonerat de responsabilitat per qualsevol reclamaci\u00f3 respecte als drets de propietat intel\u00b7lectual dels articles i imatges publicades per tercers al seu portal.<\/span><\/p><p class=\"p4\"><span class=\"s1\">Est\u00e0 absolutament prohibida la imitaci\u00f3 tant total com parcial del nostre portal o l\u2019establiment d\u2019enlla\u00e7os a la nostra p\u00e0gina web sense l\u2019autoritzaci\u00f3 pr\u00e8via de ROSA CONTRERAS.<\/span><\/p><p class=\"p3\"><span class=\"s1\"><b>B. CONDICIONS D\u2019ACC\u00c9S I \u00daS<\/b><\/span><\/p><p class=\"p1\"><span class=\"s1\">L\u2019acc\u00e9s a la nostra p\u00e0gina web \u00e9s gratu\u00eft i no exigeix subscripci\u00f3 o registre previ. No obstant aix\u00f2, determinats serveis s\u00f3n d'acc\u00e9s restringit a determinades PERSONES USU\u00c0RIES i requereixen haver realitzat un proc\u00e9s de registre i\/o la identificaci\u00f3 mitjan\u00e7ant contrasenyes. Aquests serveis quedaran degudament identificats en la Web. <\/span><\/p><p class=\"p1\"><span class=\"s1\">L\u2019enviament de dades personals implica l\u2019acceptaci\u00f3 expressa per part de la PERSONA USU\u00c0RIA de la nostra Pol\u00edtica de privacitat.<\/span><\/p><p class=\"p1\"><span class=\"s1\">La PERSONA USU\u00c0RIA ha d\u2019accedir a la nostra p\u00e0gina web conforme a la bona fe, les normes d\u2019ordre p\u00fablic i les presents Condicions generals d\u2019\u00fas. L\u2019acc\u00e9s al nostre lloc web es fa sota la pr\u00f2pia i exclusiva responsabilitat de la PERSONA USU\u00c0RIA, que respondr\u00e0, si escau, dels danys i perjudicis que pugui causar a tercers o a nosaltres mateixos.<\/span><\/p><p class=\"p1\"><span class=\"s1\">La PERSONA USU\u00c0RIA t\u00e9 expressament prohibida la utilitzaci\u00f3 i obtenci\u00f3 dels serveis i continguts oferts en aquesta p\u00e0gina web per procediments diferents dels estipulats en aquestes Condicions generals d\u2019\u00fas. <\/span><\/p><p class=\"p1\"><span class=\"s1\">La PERSONA USU\u00c0RIA t\u00e9 prohibida qualsevol mena d\u2019acci\u00f3 sobre el nostre portal que origini una excessiva sobrec\u00e0rrega de funcionament als nostres sistemes inform\u00e0tics, aix\u00ed com la introducci\u00f3 de virus, o instal\u00b7laci\u00f3 de robots, o programari que alteri el normal funcionament de la nostra web, o, en definitiva, que pugui causar danys als nostres sistemes inform\u00e0tics.<\/span><\/p><p class=\"p1\"><span class=\"s1\">Tenint en compte la dificultat de control pel que fa a la informaci\u00f3, continguts i serveis que continguin p\u00e0gines webs de tercers disponibles des de la nostra p\u00e0gina web, li comuniquem que ROSA CONTRERAS  no es fa responsable d\u2019aquests, sense perjudici de qu\u00e8 intentar\u00e0, en la mesura del possible, vetllar per la seva legalitat.<\/span><\/p><p class=\"p3\"><span class=\"s1\">ROSA CONTRERAS es reserva el dret a donar de baixa a qualsevol PERSONA USU\u00c0RIA que l\u2019organitzaci\u00f3 entengui que ha vulnerat les condicions que regeixen l\u2019\u00fas de la nostra p\u00e0gina web. Aix\u00ed mateix, es reserva el dret d\u2019exercitar les accions legals oportunes contra aquelles persones que vulnerin les presents Condicions generals d\u2019\u00fas.<\/span><\/p><p class=\"p1\"><span class=\"s1\"><b>C. POL\u00cdTICA DE PRIVACITAT<\/b><\/span><\/p><p class=\"p1\"><span class=\"s1\">La confidencialitat i la seguretat s\u00f3n valors primordials de ROSA CONTRERAS i, en conseq\u00fc\u00e8ncia, assumim el comprom\u00eds de garantir la privacitat de la PERSONA USU\u00c0RIA en tot moment i de no recaptar informaci\u00f3 innecess\u00e0ria. <\/span><\/p><p class=\"p3\"><span class=\"s1\">El subministrament de dades personals a trav\u00e9s del nostre portal requereix una edat m\u00ednima de 14 anys i l\u2019acceptaci\u00f3 expressa de la nostra <\/span><a href=\"\/ca\/politica-de-privacidad\/\"><span class=\"s3\">Pol\u00edtica de Privacitat<\/span><\/a><span class=\"s1\">.<\/span><\/p><p class=\"p1\"><span class=\"s1\"><b>D. RESPONSABILITATS<\/b><\/span><\/p><p class=\"p1\"><span class=\"s1\">En posar a disposici\u00f3 de la PERSONA USU\u00c0RIA aquesta p\u00e0gina web volem oferir-li un servei de qualitat, amb la m\u00e0xima dilig\u00e8ncia en el moment de prestar-lo, i tamb\u00e9 en els mitjans tecnol\u00f2gics utilitzats. No obstant aix\u00f2, ROSA CONTRERAS no garanteix que la disponibilitat del servei sigui cont\u00ednua i ininterrompuda, per circumst\u00e0ncies originades per problemes a la xarxa d\u2019internet, avaries en els dispositius inform\u00e0tics o altres circumst\u00e0ncies imprevisibles, de manera que la PERSONA USU\u00c0RIA accepta suportar dins uns l\u00edmits raonables aquestes circumst\u00e0ncies. <\/span><\/p><p class=\"p1\"><span class=\"s1\">Aquesta p\u00e0gina web, llevat del que estigui regulat, si s'escau, per algunes condicions d'\u00fas espec\u00edfiques, \u00e9s purament informativa i de presentaci\u00f3 corporativa dels nostres productes i serveis, per la qual cosa ROSA CONTRERAS no es responsabilitza per les expectatives de qualsevol mena que pugui generar a la PERSONA USU\u00c0RIA. <\/span><\/p><p class=\"p1\"><span class=\"s1\">Tot el que fa refer\u00e8ncia a la nostra p\u00e0gina web es regeix exclusivament per les lleis espanyoles. En el cas que es produeixi qualsevol mena de discrep\u00e0ncia o difer\u00e8ncia entre les parts en relaci\u00f3 amb la interpretaci\u00f3 i contingut d\u2019aquesta p\u00e0gina web, totes les parts se sotmeten als jutjats i tribunals que legalment corresponguin.<\/span><\/p><p class=\"p1\"><span class=\"s1\"><b>E. VIG\u00c8NCIA DE LES CONDICIONS GENERALES D\u2019ACC\u00c9S A LA WEB<\/b><\/span><\/p><p class=\"p1\"><span class=\"s1\">Aquestes Condicions generals d\u2019\u00fas han estat actualitzades el dia 22\/2\/2024<\/span><span class=\"s1\">. En qualsevol moment podem modificar-les. Si us plau, comprovi la data d\u2019emissi\u00f3 cada vegada que es connecti a la nostra p\u00e0gina web i aix\u00ed tindr\u00e0 la certesa que no s\u2019ha produ\u00eft cap modificaci\u00f3 que l\u2019afecti.<\/span><\/p><p class=\"p1\"><span class=\"s1\">Per a qualsevol q\u00fcesti\u00f3 respecte a les Condicions generals d\u2019\u00fas de la nostra p\u00e0gina web, podeu posar-vos en contacte amb nosaltres usant les dades indicades m\u00e9s amunt, o amb Lant Abogados a <a href=\"mailto:info@lant-abogados.com\"><span class=\"s2\">info@lant-abogados.com<\/span><\/a> o a <a href=\"https:\/\/www.lant-abogados.com\/\" target=\"_blank\" rel=\"noopener\"><span class=\"s2\">https:\/\/www.lant-abogados.com\/<\/span><\/a>. <\/span><\/p>\t\t\t\t\t\t\t\t<\/div>\n\t\t\t\t<\/div>\n\t\t\t\t<\/div>\n\t\t\t\t<\/div>","protected":false},"excerpt":{"rendered":"<p>Aviso legal Esta p\u00e1gina Web es propiedad de ROSA CONTRERAS HERAS (en adelante ROSA CONTRERAS), con NIF n\u00ba 40435946Z y domicilio en C\/Dr. Ferran, 2, 17190, Salt, Girona (Espa\u00f1a). Para cualquier consulta o propuesta, cont\u00e1ctenos llamando al tel\u00e9fono +34 628 54 93 99 o en el e-mail hola@rosacontreras.net. Esta p\u00e1gina Web se rige por la [&hellip;]<\/p>\n","protected":false},"author":1,"featured_media":0,"parent":0,"menu_order":0,"comment_status":"closed","ping_status":"closed","template":"","meta":{"pmpro_default_level":"","footnotes":""},"class_list":["post-780","page","type-page","status-publish","hentry","pmpro-has-access"],"_links":{"self":[{"href":"https:\/\/www.rosacontreras.net\/ca\/wp-json\/wp\/v2\/pages\/780","targetHints":{"allow":["GET"]}}],"collection":[{"href":"https:\/\/www.rosacontreras.net\/ca\/wp-json\/wp\/v2\/pages"}],"about":[{"href":"https:\/\/www.rosacontreras.net\/ca\/wp-json\/wp\/v2\/types\/page"}],"author":[{"embeddable":true,"href":"https:\/\/www.rosacontreras.net\/ca\/wp-json\/wp\/v2\/users\/1"}],"replies":[{"embeddable":true,"href":"https:\/\/www.rosacontreras.net\/ca\/wp-json\/wp\/v2\/comments?post=780"}],"version-history":[{"count":0,"href":"https:\/\/www.rosacontreras.net\/ca\/wp-json\/wp\/v2\/pages\/780\/revisions"}],"wp:attachment":[{"href":"https:\/\/www.rosacontreras.net\/ca\/wp-json\/wp\/v2\/media?parent=780"}],"curies":[{"name":"wp","href":"https:\/\/api.w.org\/{rel}","templated":true}]}}