{"id":776,"date":"2024-01-25T17:22:30","date_gmt":"2024-01-25T16:22:30","guid":{"rendered":"https:\/\/www.rosacontreras.net\/?page_id=776"},"modified":"2024-03-04T10:14:54","modified_gmt":"2024-03-04T09:14:54","slug":"politica-de-privacidad","status":"publish","type":"page","link":"https:\/\/www.rosacontreras.net\/ca\/politica-de-privacidad\/","title":{"rendered":"Pol\u00edtica de privacitat"},"content":{"rendered":"<div data-elementor-type=\"wp-page\" data-elementor-id=\"776\" class=\"elementor elementor-776\" data-elementor-post-type=\"page\">\n\t\t\t\t<div class=\"elementor-element elementor-element-2562c0f e-con-full e-flex e-con e-parent\" data-id=\"2562c0f\" data-element_type=\"container\" data-e-type=\"container\">\n\t\t\t\t<div class=\"elementor-element elementor-element-b112e76 elementor-widget__width-initial elementor-invisible elementor-widget elementor-widget-heading\" data-id=\"b112e76\" data-element_type=\"widget\" data-e-type=\"widget\" data-settings=\"{&quot;_animation&quot;:&quot;fadeInDown&quot;}\" data-widget_type=\"heading.default\">\n\t\t\t\t<div class=\"elementor-widget-container\">\n\t\t\t\t\t<h4 class=\"elementor-heading-title elementor-size-default\">Pol\u00edtica de privacitat<\/h4>\t\t\t\t<\/div>\n\t\t\t\t<\/div>\n\t\t\t\t<div class=\"elementor-element elementor-element-439d056 elementor-widget elementor-widget-text-editor\" data-id=\"439d056\" data-element_type=\"widget\" data-e-type=\"widget\" data-widget_type=\"text-editor.default\">\n\t\t\t\t<div class=\"elementor-widget-container\">\n\t\t\t\t\t\t\t\t\t<p class=\"p1\"><span class=\"s1\">La confidencialitat i la seguretat s\u00f3n valors primordials de ROSA CONTRERAS i, en conseq\u00fc\u00e8ncia, assumim el comprom\u00eds de garantir la privacitat de l'usuari a tot moment i de no recaptar informaci\u00f3 innecess\u00e0ria sobre l'Usuari. A continuaci\u00f3, li proporcionem tota la informaci\u00f3 necess\u00e0ria sobre la nostra Pol\u00edtica de Privacitat en relaci\u00f3 amb les dades personals que recaptem, explicant-li:<\/span><\/p><ul class=\"ul1\"><li class=\"li2\"><span class=\"s1\">Qui \u00e9s el responsable del tractament de les seves dades.<\/span><\/li><li class=\"li2\"><span class=\"s1\">Per quines finalitats recaptem les dades que li sol\u00b7licitem.<\/span><\/li><li class=\"li2\"><span class=\"s1\">Quina \u00e9s la legitimaci\u00f3 per al seu tractament.<\/span><\/li><li class=\"li2\"><span class=\"s1\">Durant quant temps les conservem.<\/span><\/li><li class=\"li2\"><span class=\"s1\">A quins destinataris es comuniquen les seves dades.<\/span><\/li><li class=\"li1\"><span class=\"s1\">Quins s\u00f3n els seus drets.<br \/><br \/><\/span><\/li><\/ul><p><span class=\"s1\"><b>1. Responsable:<\/b>: <\/span><\/p><p class=\"p4\"><span class=\"s1\">ROSA CONTRERAS HERAS (40435946Z)<\/span><\/p><p class=\"p4\"><span class=\"s1\">Dr. Ferran, 2<\/span><\/p><p class=\"p4\"><span class=\"s1\">17190, Salt (Girona)<\/span><\/p><p class=\"p5\"><span class=\"s3\"><a href=\"mailto:hola@rosacontreras.net\">hola@rosacontreras.net<\/a><\/span><span class=\"s4\">. <\/span><\/p><p><span class=\"s1\"><b>2. Finalitats, legitimaci\u00f3 i conservaci\u00f3 dels tractaments de les dades enviades a trav\u00e9s de:<\/b>:<\/span><\/p><p><span style=\"text-decoration: underline;\"><span class=\"s1\">FORMULARI DE CONTACTE.<\/span><\/span><\/p><ul><li class=\"p7\"><span class=\"s1\"><b>Finalitat:<\/b> Facilitar-li un mitj\u00e0 perqu\u00e8 pugui posar-se en contacte amb nosaltres i contestar a les seves sol\u00b7licituds d'informaci\u00f3. Enviar-li comunicacions dels nostres serveis i activitats, incl\u00fas per mitjans electr\u00f2nics, si marca la casella d'acceptaci\u00f3.<\/span><\/li><li class=\"p7\"><span class=\"s1\"><b>Legitimaci\u00f3:<\/b> El consentiment de l'usuari en sol\u00b7licitar-nos informaci\u00f3 a trav\u00e9s del nostre formulari de contactes i en marcar la casella d'acceptaci\u00f3 d'enviament d'informaci\u00f3. <\/span><\/li><li class=\"p7\"><span class=\"s1\"><b>Conservaci\u00f3:<\/b> Fins que es resolgui la seva sol\u00b7licitud per mitj\u00e0 del nostre formulari o contestada per correu electr\u00f2nic, si no ha generat un nou tractament. En cas d'haver acceptat rebre enviaments comercials, fins que sol\u00b7liciti la baixa d'aquests.<br \/><br \/><\/span><\/li><\/ul><p><span style=\"text-decoration: underline;\"><span class=\"s1\">FORMULARI REGISTRE \/ SUSCRIPCI\u00d3 I COMPRA.<\/span><\/span><\/p><ul><li class=\"p7\"><span class=\"s1\"><b>Finalitat:<\/b> Gestionar la seva alta com a persona usu\u00e0ria registrada i la seva subscripci\u00f3 per a permetre-li l\u2019acc\u00e9s als continguts reservats a persones usu\u00e0ries registrades de la nostra web (membresies). Tramitar la comanda de compra i pagament de la quota de subscripci\u00f3. Informar-lo de les nostres activitats i serveis, incl\u00fas per mitjans electr\u00f2nics. <\/span><\/li><li class=\"p7\"><span class=\"s1\"><b>Legitimaci\u00f3:<\/b> Acord amb la persona usu\u00e0ria registrada i execuci\u00f3 del contracte de venta. Inter\u00e8s leg\u00edtim del responsable en mantenir informats als seus clients sobre les seves activitats i serveis.<\/span><\/li><li class=\"p7\"><span class=\"s1\"><b>Conservaci\u00f3:<\/b> Mentre duri la relaci\u00f3 contractual i, finalitzada la mateixa, durant els terminis de conservaci\u00f3 exigits legalment per atendre eventuals responsabilitats. Enviaments comercials: fins que la persona usu\u00e0ria sol\u00b7liciti la seva baixa.<\/span><\/li><\/ul><p><span class=\"s1\"><br \/><span style=\"text-decoration: underline;\">ENVIAMENT DE CORREUS ELECTR\u00d2NICS.<\/span><\/span><\/p><ul><li class=\"p7\"><span class=\"s1\"><b>Finalitat:<\/b> Contestar a les seves sol\u00b7licituds d'informaci\u00f3, atendre les seves peticions i respondre els seus dubtes o consultes.<span class=\"Apple-converted-space\">\u00a0 \u00a0<\/span><\/span><\/li><li class=\"p7\"><span class=\"s1\"><b>Legitimaci\u00f3:<\/b> El consentiment de l'usuari en sol\u00b7licitar-nos informaci\u00f3 a trav\u00e9s de l'adre\u00e7a de correu electr\u00f2nic.<\/span><\/li><li class=\"p7\"><span class=\"s1\"><b>Conservaci\u00f3:<\/b> Una vegada resolta la seva petici\u00f3 per correu electr\u00f2nic, si no ha generat un nou tractament.<\/span><\/li><li class=\"p7\"><span class=\"s1\"><b>Conservaci\u00f3<\/b>: Durant el desenvolupament dels processos de selecci\u00f3 de personal i, finalitzat aquest, durant 1 any per a futurs processos de selecci\u00f3.<\/span><\/li><\/ul><p class=\"p3\"><span class=\"s1\"><b><br \/>Obligaci\u00f3 de facilitar-nos les seves dades personals i conseq\u00fc\u00e8ncies de no fer-ho.<\/b><\/span><\/p><p class=\"p1\"><span class=\"s1\">El subministrament de dades personals requereix una edat m\u00ednima de 14 anys, o si escau, disposar de capacitat jur\u00eddica suficient per contractar.<\/span><\/p><p class=\"p1\"><span class=\"s1\">Les dades personals sol\u00b7licitades s\u00f3n necess\u00e0ries per gestionar les seves sol\u00b7licituds i\/o prestar-li els serveis que pugui contractar, per la qual cosa, si no ens les facilita, no podrem atendre-li correctament ni prestar-li el servei que ha sol\u00b7licitat. <\/span><\/p><p class=\"p1\"><b><\/b><span class=\"s1\"><b>3. Destinataris de les seves dades<\/b><\/span><\/p><p class=\"p1\"><span class=\"s1\">Les seves dades s\u00f3n confidencials i no se cediran a tercers, tret que existeixi obligaci\u00f3 legal.<\/span><\/p><p><b><\/b><span class=\"s1\"><b>4. Drets en relaci\u00f3 amb les seves dades personals<\/b><\/span><\/p><p class=\"p1\"><span class=\"s1\">Qualsevol persona pot retirar el seu consentiment en qualsevol moment, quan el mateix s'hagi atorgat per al tractament de les seves dades. En cap cas, la retirada d'aquest consentiment condiciona l'execuci\u00f3 del contracte de subscripci\u00f3 o les relacions generades amb anterioritat.<\/span><\/p><p class=\"p1\"><span class=\"s1\">Igualment, pot exercir els seg\u00fcents drets:<\/span><\/p><ul class=\"ul1\"><li class=\"li2\"><span class=\"s1\">Sol\u00b7licitar l'acc\u00e9s a les seves dades personals o la seva rectificaci\u00f3 quan siguin inexactes.<\/span><\/li><li class=\"li2\"><span class=\"s1\">Sol\u00b7licitar la seva supressi\u00f3 quan, entre altres motius, les dades ja no siguin necessaris per a les finalitats pels quals van ser recollits.<\/span><\/li><li class=\"li2\"><span class=\"s1\">Sol\u00b7licitar la limitaci\u00f3 del seu tractament en determinades circumst\u00e0ncies.<\/span><\/li><li class=\"li2\"><span class=\"s1\">Sol\u00b7licitar l'oposici\u00f3 al tractament de les seves dades per motius relacionats amb la seva situaci\u00f3 particular.<\/span><\/li><li class=\"li2\"><span class=\"s1\">Sol\u00b7licitar la portabilitat de les dades en els casos previstos en la normativa. <\/span><\/li><li class=\"li1\"><span class=\"s1\">Altres drets reconeguts en les normatives aplicables.<br \/><br \/><\/span><\/li><\/ul><p class=\"p1\"><span class=\"s1\">On i com sol\u00b7licitar els seus Drets: Mitjan\u00e7ant un escrit dirigit al responsable a la seva adre\u00e7a postal o electr\u00f2nica (indicades a l'apartat A), indicant la referencia \"Dades Personals\", especificant el dret que es vol exercir i respecte a quines dades personals.<\/span><\/p><p class=\"p1\"><span class=\"s1\">En cas de diverg\u00e8ncies amb l'empresa en relaci\u00f3 al tractament de les seves dades, pot presentar una reclamaci\u00f3 davant l'Autoritat de Protecci\u00f3 de Dades (<a href=\"http:\/\/www.aepd.es\" target=\"_blank\" rel=\"noopener\"><span class=\"s6\">www.aepd.es<\/span><\/a>).<\/span><\/p><p><b><\/b><span class=\"s1\"><b>5. Cookies<\/b><\/span><\/p><p class=\"p3\"><span class=\"s1\">Aquesta p\u00e0gina web \u00fanicament utilitza cookies que permeten el funcionament i la prestaci\u00f3 dels serveis oferts en la mateixa i, si \u00e9s el cas, cookies pr\u00f2pies amb l'\u00fanica finalitat de mesurar les audi\u00e8ncies d'aquesta i per tant considerades exemptes de consentiment. Per aix\u00f2, no es requereix, d'acord amb l'article 22 de la Llei de Serveis de la Societat de la Informaci\u00f3, el seu consentiment per a la seva instal\u00b7laci\u00f3.<\/span><\/p><p><b><\/b><span class=\"s1\"><b>6. Seguretat de les seves dades personals<\/b><\/span><\/p><p class=\"p1\"><span class=\"s1\">Amb l'objectiu de salvaguardar la seguretat de les seves dades personals, l'informem que hem adoptat totes les mesures d'\u00edndole t\u00e8cnica i organitzativa necess\u00e0ries per garantir la seguretat de les dades personals subministrades de la seva alteraci\u00f3, p\u00e8rdua, i tractaments o accessos no autoritzats.<\/span><\/p><p><b><\/b><span class=\"s1\"><b>7. Actualitzaci\u00f3 de les seves dades<\/b><\/span><\/p><p class=\"p3\"><span class=\"s1\">\u00c9s important que perqu\u00e8 puguem mantenir les seves dades personals actualitzades, ens informi sempre que hi hagi hagut alguna modificaci\u00f3 en elles, en cas contrari, no responem de la veracitat d'aquestes. <\/span><\/p><p class=\"p3\"><span class=\"s1\">No ens fem responsables de la Pol\u00edtica de Privacitat respecte a les dades personals que pugui facilitar a tercers per mitj\u00e0 dels enlla\u00e7os disponibles a la nostra p\u00e0gina web.<\/span><\/p><p class=\"p1\"><span class=\"s1\">La present Pol\u00edtica de Privacitat pot ser modificada per adaptar-la als canvis que es produeixin a la nostra web, aix\u00ed com modificacions legislatives o jurisprudencials sobre dades personals que vagin apareixent, per la qual cosa exigeix la seva lectura, cada vegada que ens faciliti les seves dades a trav\u00e9s d'aquesta Web.<\/span><\/p>\t\t\t\t\t\t\t\t<\/div>\n\t\t\t\t<\/div>\n\t\t\t\t<\/div>\n\t\t\t\t<\/div>","protected":false},"excerpt":{"rendered":"<p>Pol\u00edtica de privacidad La confidencialidad y la seguridad son valores primordiales de ROSA CONTRERAS y, en consecuencia, asumimos el compromiso de garantizar la privacidad del Usuario en todo momento y de no recabar informaci\u00f3n innecesaria. A continuaci\u00f3n, le proporcionamos toda la informaci\u00f3n necesaria sobre nuestra Pol\u00edtica de Privacidad en relaci\u00f3n con los datos personales que [&hellip;]<\/p>\n","protected":false},"author":1,"featured_media":0,"parent":0,"menu_order":0,"comment_status":"closed","ping_status":"closed","template":"","meta":{"pmpro_default_level":"","footnotes":""},"class_list":["post-776","page","type-page","status-publish","hentry","pmpro-has-access"],"_links":{"self":[{"href":"https:\/\/www.rosacontreras.net\/ca\/wp-json\/wp\/v2\/pages\/776","targetHints":{"allow":["GET"]}}],"collection":[{"href":"https:\/\/www.rosacontreras.net\/ca\/wp-json\/wp\/v2\/pages"}],"about":[{"href":"https:\/\/www.rosacontreras.net\/ca\/wp-json\/wp\/v2\/types\/page"}],"author":[{"embeddable":true,"href":"https:\/\/www.rosacontreras.net\/ca\/wp-json\/wp\/v2\/users\/1"}],"replies":[{"embeddable":true,"href":"https:\/\/www.rosacontreras.net\/ca\/wp-json\/wp\/v2\/comments?post=776"}],"version-history":[{"count":0,"href":"https:\/\/www.rosacontreras.net\/ca\/wp-json\/wp\/v2\/pages\/776\/revisions"}],"wp:attachment":[{"href":"https:\/\/www.rosacontreras.net\/ca\/wp-json\/wp\/v2\/media?parent=776"}],"curies":[{"name":"wp","href":"https:\/\/api.w.org\/{rel}","templated":true}]}}