{"id":1242,"date":"2024-02-20T10:29:41","date_gmt":"2024-02-20T09:29:41","guid":{"rendered":"https:\/\/www.rosacontreras.net\/?page_id=1242"},"modified":"2025-06-20T12:17:35","modified_gmt":"2025-06-20T10:17:35","slug":"terminos-y-condiciones","status":"publish","type":"page","link":"https:\/\/www.rosacontreras.net\/ca\/terminos-y-condiciones\/","title":{"rendered":"T\u00e9rminos y condiciones"},"content":{"rendered":"<div data-elementor-type=\"wp-page\" data-elementor-id=\"1242\" class=\"elementor elementor-1242\" data-elementor-post-type=\"page\">\n\t\t\t\t<div class=\"elementor-element elementor-element-d8e4854 e-con-full e-flex e-con e-parent\" data-id=\"d8e4854\" data-element_type=\"container\" data-e-type=\"container\">\n\t\t\t\t<div class=\"elementor-element elementor-element-44505ca elementor-widget__width-initial elementor-invisible elementor-widget elementor-widget-heading\" data-id=\"44505ca\" data-element_type=\"widget\" data-e-type=\"widget\" data-settings=\"{&quot;_animation&quot;:&quot;fadeInDown&quot;}\" data-widget_type=\"heading.default\">\n\t\t\t\t<div class=\"elementor-widget-container\">\n\t\t\t\t\t<h4 class=\"elementor-heading-title elementor-size-default\">Condicions de contractaci\u00f3<\/h4>\t\t\t\t<\/div>\n\t\t\t\t<\/div>\n\t\t\t\t<div class=\"elementor-element elementor-element-b2d3705 elementor-widget elementor-widget-text-editor\" data-id=\"b2d3705\" data-element_type=\"widget\" data-e-type=\"widget\" data-widget_type=\"text-editor.default\">\n\t\t\t\t<div class=\"elementor-widget-container\">\n\t\t\t\t\t\t\t\t\t<p class=\"p2\"><span class=\"s2\">Aquest acord regula les condicions generals de compra de la subscripci\u00f3 als continguts (aula virtual de yoga, meditacions i LK Moviment Intel\u00b7ligent) oferts a la present p\u00e0gina web pel ROSA CONTRERAS HERAS (en endavant ROSA CONTRERAS) amb NIF 40435946Z  i amb domicili a C\/Dr. Ferran, 2, 17190, Salt (Girona).<\/span><\/p><p class=\"p2\"><span class=\"s2\">La subscripci\u00f3 als continguts (sala virtual) oferts a la present p\u00e0gina web donar\u00e0 acc\u00e9s al CLIENT a: <\/span><\/p><ul class=\"ul1\"><li class=\"li2\"><span class=\"s2\">Audioclasses que canvien cada setmana.<\/span><\/li><li class=\"li2\"><span class=\"s2\">Miniclasses.<\/span><\/li><li class=\"li2\"><span class=\"s2\">Meditacions tradicionals i mindfulness.<\/span><\/li><li class=\"li2\"><span class=\"s2\">Imatgeries.<\/span><\/li><\/ul><p class=\"p2\"><span class=\"s2\"><br \/>El CLIENT, en el moment que completa el proc\u00e9s de registre i compra i es subscriu al servei, accepta i se sotmet expressament a les cl\u00e0usules especificades tot seguit, i tamb\u00e9 a les condicions d\u2019acc\u00e9s i \u00fas del nostre portal i la seva pol\u00edtica de privacitat, accessibles a trav\u00e9s dels enlla\u00e7os \u201c<\/span><a href=\"\/ca\/aviso-legal\/\"><span class=\"s3\">Aviso Legal<\/span><\/a><span class=\"s2\">\u201d i \u201c<\/span><a href=\"\/ca\/politica-de-privacidad\/\"><span class=\"s3\">Pol\u00edtica de Privacitat<\/span><\/a><span class=\"s2\">\u201d.<\/span><\/p><p class=\"p2\"><span class=\"s2\">El CLIENT reconeix que disposa de prou capacitat legal per obligar-se contractualment.<\/span><\/p><p class=\"p2\"><span class=\"s2\">Aquest contracte est\u00e0 permanentment accessible entre els avisos legals de la nostra p\u00e0gina web.<\/span><\/p><p class=\"p2\"><span class=\"s2\"><b>IMPORTANT<\/b>: Si vost\u00e8 prem o ha premut la casella durant el procediment de compra per tal que l\u2019acc\u00e9s al contingut es doni dins el termini del dret de desistiment, vost\u00e8 ha consentit expressament que l\u2019acc\u00e9s al contingut objecte del present contracte es doni dins del per\u00edode legal de desistiment (14 dies) pel que, d\u2019acord amb l\u2019article 103.m i 108.4 del Real Decret Legislatiu 1\/2007, de 16 de Novembre, de Defensa dels Consumidors i Usuaris, quan el servei hagi sigut prestat totalment perdr\u00e0 el seu dret al desistiment i, quan el servei hagi sigut prestat parcialment, en cas de desistiment, s\u2019haur\u00e0 d\u2019abonar la part proporcional.<\/span><\/p><p class=\"p2\"><span class=\"s2\"><b>1. PREUS I IMPOSTOS<\/b><\/span><\/p><p class=\"p2\"><span class=\"s2\">En contraprestaci\u00f3 pel servei adquirit, el CLIENT accepta pagar expressament a ROSA CONTRERAS les quantitats especificades en el moment de la compra en la relaci\u00f3 de preus establerts a la web <a href=\"http:\/\/www.rosacontreras.net\/ca\/\"><span class=\"s4\">www.rosacontreras.net<\/span><\/a> per als serveis escollits.<\/span><\/p><p class=\"p2\"><span class=\"s2\">Els serveis que s\u2019ofereixen en aquesta web estan subjectes a l\u2019impost sobre el valor afegit (IVA) que EST\u00c0 INCL\u00d2S en els preus que es detallen per a cada servei.<\/span><\/p><p class=\"p4\"><span class=\"s2\">En el cas que el CLIENT estigui ubicat a pa\u00efsos de la Uni\u00f3 Europea, l\u2019IVA espanyol ser\u00e0 dedu\u00eft i s\u2019aplicar\u00e0 el tipus impositiu d\u2019IVA corresponent al pa\u00eds de dest\u00ed en funci\u00f3 de la facturaci\u00f3 anual en el pa\u00eds corresponent. <\/span><\/p><p class=\"p4\"><span class=\"s2\">No s\u2019aplicar\u00e0 l\u2019IVA als CLIENTS que comprin des de pa\u00efsos fora de la UE. <\/span><\/p><p class=\"p4\"><span class=\"s2\">Tenint en compte la naturalesa dels serveis, NO hi ha despeses de transport ni de gesti\u00f3, embalatge i\/o enviament. <\/span><\/p><p class=\"p4\"><span class=\"s2\">Abans de procedir al pagament dels serveis, en pantalla apareixer\u00e0 el preu final de la compra (quota mensual) que inclour\u00e0 l\u2019IVA (Impost sobre el Valor Afegit), que es reflectir\u00e0 a l\u2019ordre de la comanda en el moment d\u2019efectuar la compra i a la factura. <\/span><\/p><p class=\"p2\"><span class=\"s2\">No s\u2019hi inclou tot all\u00f2 que no aparegui especificat en la descripci\u00f3 com a incl\u00f2s.<\/span><\/p><p class=\"p2\"><span class=\"s2\"><b>2. PROCEDIMIENT DE COMPRA<\/b><\/span><\/p><p class=\"p2\"><span class=\"s2\">A trav\u00e9s d\u2019aquesta p\u00e0gina web nom\u00e9s poden fer comandes les persones f\u00edsiques de m\u00e9s de 14 anys, i societats.<\/span><\/p><p class=\"p2\"><span class=\"s2\">A la p\u00e0gina web es detallen tots els nostres serveis de manera individualitzada. El procediment per fer i gestionar la compra es va indicant a la p\u00e0gina web i nom\u00e9s han de seguir-se els passos seg\u00fcents: <\/span><\/p><ol class=\"ol1\"><li class=\"li2\"><span class=\"s2\">Anar al bot\u00f3 \u201csubscriu-te\u201d per a veure la descripci\u00f3 detallada del servei.<\/span><\/li><li class=\"li2\"><span class=\"s2\">Tornar a pr\u00e9mer sobre el bot\u00f3 \u201csubscriu-te\u201d per a emplenar un formulari de registre i subscripci\u00f3 amb les seves dades personals i crear un compte personal com a persona usu\u00e0ria. El codi d'usuari i la contrasenya s\u00f3n personals i corresponen a la persona que va efectuar el proc\u00e9s de registre, qui \u00e9s responsable exclusiu la seva cust\u00f2dia. A trav\u00e9s del seu compte podr\u00e0 gestionar la informaci\u00f3 que disposem i modificar o actualitzar les seves dades.<\/span><\/li><li class=\"li2\"><span class=\"s2\">A continuaci\u00f3, es procedir\u00e0 a la verificaci\u00f3 de la comanda on es detalla el servei seleccionat i es calcula el preu final (que ser\u00e0 un preu de quota mensual \u20ac\/mes) i se li indicar\u00e0 la data de la primera renovaci\u00f3. <\/span><\/li><li class=\"li2\"><span class=\"s2\">Aix\u00ed mateix, ser\u00e0 necessari indicar una adre\u00e7a a l'efecte de facturaci\u00f3 de la compra realitzada.<\/span><\/li><li class=\"li2\"><span class=\"s2\">Una vegada tramitat el proc\u00e9s, ser\u00e0 necessari marcar de manera pr\u00e8via una casella de verificaci\u00f3 de lectura i acceptaci\u00f3 Dels termes i condicions de venda. <\/span><\/li><li class=\"li2\"><span class=\"s2\">En la p\u00e0gina web se li facilitaran els mecanismes perqu\u00e8 pugui efectuar-se el pagament en funci\u00f3 del sistema en cada cas. <\/span><\/li><li class=\"li2\"><span class=\"s2\">Una vegada introdu\u00efdes les dades per al pagament, haur\u00e0 de confirmar la comanda prement el bot\u00f3 \u201cSubscriure's ara\u201d. <\/span><\/li><li class=\"li2\"><span class=\"s2\">Una vegada premut el bot\u00f3 \"Subscriure's ara\" podr\u00e0 accedir als continguts, seguint les instruccions que li apareixeran.<\/span><\/li><\/ol><p class=\"p2\"><span class=\"s2\"><br \/>El CLIENT es dona per informat que les fotografies i descripcions dels serveis en la p\u00e0gina web poden diferir, no substancialment, del servei original. Les descripcions i il\u00b7lustracions dels serveis oferts a trav\u00e9s de la present p\u00e0gina web es realitzen <\/span><\/p><p class=\"p2\"><span class=\"s2\"><b>3. DISPONIBILITAT I ENTREGA <\/b><\/span><\/p><p class=\"p2\"><span class=\"s2\">Els serveis oferts per ROSA CONTRERAS es troben disponibles per a la seva distribuci\u00f3 en qualsevol part del m\u00f3n.<\/span><\/p><p class=\"p2\"><span class=\"s2\">Les comandes es processaran una vegada que s'hagi rebut correctament el pagament.<\/span><\/p><p class=\"p2\"><span class=\"s2\">A fi que en tot moment estigui informat de la gesti\u00f3 de la seva compra, rebr\u00e0 per correu electr\u00f2nic un av\u00eds de la confirmaci\u00f3 de la seva comanda i del pagament.<\/span><\/p><p class=\"p2\"><span class=\"s2\"><b>4. PAGAMENT I TERMINIS DE PAGAMENT<\/b><\/span><\/p><p style=\"font-weight: 400;\">El pagament que el CLIENT realitza per tenir acc\u00e9s als continguts (membresia) \u00e9s una quota mensual. El preu de la quota ve indicat en la p\u00e0gina web.<\/p><p style=\"font-weight: 400;\">S\u2019accepten les seg\u00fcents formes de pagament:<\/p><ul style=\"font-weight: 400;\"><li><u>Bizum<\/u>: La transacci\u00f3 es realitzar\u00e0 connectant directament amb la passarel\u00b7la de pagament de Bizum a trav\u00e9s de l\u2019app o la forma indicada per la seva entitat banc\u00e0ria.<\/li><li><u>Transfer\u00e8ncia banc\u00e0ria<\/u>: Realitzant un ingr\u00e9s de l\u2019import total de la compra al compte corrent que se li indicar\u00e0.<\/li><\/ul><p style=\"font-weight: 400;\">\u00a0<br \/>Una vegada realitzat el pagament, rebr\u00e0 un correu electr\u00f2nic de confirmaci\u00f3 d'aquest.<\/p><p style=\"font-weight: 400;\">Es realitzar\u00e0 un cobrament autom\u00e0tic al compte configurat cada mes pel mateix import, garantint l\u2019acc\u00e9s a tot el contingut de l\u2019aula virtual.<\/p><p style=\"font-weight: 400;\">Els nostres sistemes de pagament s\u00f3n totalment segurs.<\/p><p style=\"font-weight: 400;\">Els pagaments s\u00f3n previs a l\u2019acc\u00e9s al contingut de l\u2019aula virtual, per la qual cosa ROSA CONTRERAS no proporcionar\u00e0 el servei sol\u00b7licitat fins que s\u2019hagi rebut el pagament corresponent.<\/p><p style=\"font-weight: 400;\">ROSA CONTRERAS es reserva el dret de cancel\u00b7lar temporalment o definitivament els serveis prestats, davant de qualsevol incid\u00e8ncia en el cobrament dels mateixos.<\/p><p class=\"p2\"><span class=\"s2\"><b>5. FACTURES<\/b><\/span><\/p><p class=\"p2\"><span class=\"s2\">Si el CLIENT desitja rebre la factura de la seva compra per correu electr\u00f2nic pot sol\u00b7licitar-la enviant un correu a <a href=\"mailto:hola@rosacontreras.net\"><span class=\"s4\">hola@rosacontreras.net<\/span><\/a>. <\/span><\/p><p class=\"p2\"><span class=\"s2\">El CLIENT \u00e9s responsable de la confirmaci\u00f3 de la recepci\u00f3 de les notificacions i de posar en el nostre coneixement qualsevol modificaci\u00f3 sobre les seves dades, quedant ROSA CONTRERAS exonerada de qualsevol responsabilitat derivada per aquesta circumst\u00e0ncia.<\/span><\/p><p class=\"p2\"><span class=\"s2\"><b>6. GARANTIA<\/b><\/span><\/p><p class=\"p4\"><span class=\"s2\">ROSA CONTRERAS s'esfor\u00e7a per facilitar serveis de la m\u00e0xima qualitat, encara que, donada la naturalesa d'aquests, no podem oferir una garantia de satisfacci\u00f3. <\/span><\/p><p class=\"p4\"><span class=\"s2\">En cas que, per qualsevol motiu, no pugui accedir al contingut (sala virtual), haur\u00e0 de comunicar-nos-el al m\u00e9s aviat possible indicant-nos la incid\u00e8ncia que intentarem, si es verifica l'error, esmenar-la com m\u00e9s aviat millor. <\/span><\/p><p class=\"p2\"><span class=\"s2\"><b>7. DEVOLUCIONS<\/b><\/span><\/p><p class=\"p2\"><span class=\"s2\">Donada la naturalesa del servei objecte del contracte actual no \u00e9s possible efectuar devolucions.<\/span><\/p><p class=\"p2\"><span class=\"s2\">En el cas de voler donar-se de baixa de la subscripci\u00f3 mensual d'acc\u00e9s als continguts, haur\u00e0 d'avisar amb, almenys, <\/span><span class=\"s6\">7 dies<\/span><span class=\"s2\"> d'antelaci\u00f3 enviant un correu a <a href=\"mailto:hola@rosacontreras.net\"><span class=\"s4\">hola@rosacontreras.net<\/span><\/a>. <\/span><\/p><p class=\"p2\"><span class=\"s2\"><b>8. DRET DE DESISTIMENT<\/b><\/span><\/p><p class=\"p2\"><span class=\"s2\"><b>IMPORTANT<\/b>: Si vost\u00e8 prem o ha premut la casella durant el procediment de compra per tal que l\u2019acc\u00e9s al contingut es doni dins el termini del dret de desistiment, vost\u00e8 ha consentit expressament que l\u2019acc\u00e9s al contingut objecte del present contracte es doni dins del per\u00edode legal de desistiment (14 dies) pel que, d\u2019acord amb l\u2019article 103.m i 108.4 del Real Decret Legislatiu 1\/2007, de 16 de Novembre, de Defensa dels Consumidors i Usuaris, quan el servei hagi sigut prestat totalment perdr\u00e0 el seu dret al desistiment i, quan el servei hagi sigut prestat parcialment, en cas de desistiment, s\u2019haur\u00e0 d\u2019abonar la part proporcional.<\/span><\/p><p class=\"p4\"><span class=\"s2\">Quan el dret de desistiment sigui aplicable les persones CLIENTS tindran dret a desistir del contracte actual en un termini de catorze (14) dies naturals sense necessitat de justificaci\u00f3. <\/span><\/p><p class=\"p4\"><span class=\"s2\">El termini de desistiment expirar\u00e0 als catorze (14) dies naturals del dia de la celebraci\u00f3 del contracte.<\/span><\/p><p class=\"p2\"><span class=\"s2\">Per a exercir el dret de desistiment, deur\u00e0 vost\u00e8 notificar-nos a ROSA CONTRERAS C\/Dr. Ferran, 2, 17190, Salt (Girona) correu electr\u00f2nic: <a href=\"mailto:hola@rosacontreras.net\"><span class=\"s4\">hola@rosacontreras.net<\/span><\/a>, la seva decisi\u00f3 de desistir del contracte a trav\u00e9s d'una declaraci\u00f3 inequ\u00edvoca (per exemple, una carta enviada per correu postal, fax o correu electr\u00f2nic). Podr\u00e0 utilitzar el model de formulari de desistiment que figura a continuaci\u00f3, encara que el seu \u00fas no \u00e9s obligatori.<\/span><\/p><p class=\"p8\"><span class=\"s5\"> <b>Model de formulari de desistiment<\/b><\/span><\/p><p class=\"p4\"><span class=\"s2\"><b>A l'atenci\u00f3 de<\/b><\/span><\/p><p class=\"p4\"><span class=\"s2\">ROSA CONTRERAS HERAS<\/span><\/p><p class=\"p4\"><span class=\"s2\">C\/ Dr. Ferran, 2<\/span><\/p><p class=\"p4\"><span class=\"s2\">17190, Salt, Girona (Espa\u00f1a)<\/span><\/p><p class=\"p9\"><span class=\"s5\"><a href=\"mailto:hlola@rosacontreras.net\">hlola@rosacontreras.net<\/a><\/span><span class=\"s7\">. <\/span><\/p><p class=\"p10\"><span class=\"s2\"><b>Per la present li comunico que desisteixo del meu contracte de venda del seg\u00fcent b\u00e9:<\/b><\/span><\/p><p class=\"p4\"><span class=\"s2\">Rebut\/Demanat el:<\/span><\/p><p class=\"p4\"><span class=\"s2\">Nom del consumidor:<\/span><\/p><p class=\"p4\"><span class=\"s2\"><b>Signatura del consumidor<\/b><\/span><\/p><p class=\"p4\"><span class=\"s2\"><b>Data<\/b><\/span><\/p><p class=\"p4\"><span class=\"s2\">Para cumplir el plazo de desistimiento, basta con que la comunicaci\u00f3n relativa al ejercicio por su parte de este derecho sea enviada antes de que venza el plazo correspondiente.<\/span><\/p><p class=\"p4\"><span class=\"s2\"><b>Conseq\u00fc\u00e8ncies del desistiment:<\/b><\/span><\/p><p class=\"p4\"><span class=\"s2\">En cas de desistiment per part seva, li retornarem tots els pagaments rebuts de vost\u00e8, sense cap demora indeguda i, en tot cas, a tot tardar catorze (14) dies naturals a partir de la data en la qual se'ns informi de la seva decisi\u00f3 de desistir del contracte actual.<\/span><\/p><p class=\"p4\"><span class=\"s2\">Procedirem a efectuar aquest reemborsament utilitzant el mateix mitj\u00e0 de pagament emprat per vost\u00e8 per a la transacci\u00f3 inicial, tret que hi hagi vost\u00e8 disposat expressament el contrari; en tot cas, no incorrer\u00e0 en cap despesa a conseq\u00fc\u00e8ncia del reemborsament.<\/span><\/p><p class=\"p4\"><span class=\"s8\">Si el servei objecte del contracte actual hagu\u00e9s iniciat durant el termini de desistiment, d'acord amb l'article 108.3 de la llei 1\/2007, podrem retenir la part proporcional corresponent al servei prestat i, en el cas que el servei s'hagi prestat totalment, d'acord amb l'article 103 de la citada llei, el dret de desistiment no ser\u00e0 aplicable.\u00a0<\/span><\/p><p class=\"p2\"><span class=\"s2\"><b>9. PERFECCI\u00d3 DEL CONTRACTE I MODIFICACIONS DELS SERVEIS<\/b><\/span><\/p><p class=\"p2\"><span class=\"s2\">El contracte actual es perfeccionar\u00e0 amb el pagament del servei contractat.<\/span><\/p><p class=\"p2\"><span class=\"s2\">ROSA CONTRERAS es reserva el dret a modificar de qualsevol forma les caracter\u00edstiques i condicions dels seus serveis, sempre amb l'objectiu de millorar-los i que suposi un benefici per al CLIENT.<\/span><\/p><p class=\"p2\"><span class=\"s2\"><b>10. OBLIGACIONS DE LES PARTS<\/b><\/span><\/p><p class=\"p2\"><span class=\"s2\">ROSA CONTRERAS es compromet a proporcionar al CLIENT els productes i serveis que hagin estat contractats aplicant la m\u00e0xima dilig\u00e8ncia en la prestaci\u00f3 del servei, aix\u00ed com a cuidar del manteniment de les instal\u00b7lacions necess\u00e0ries per al funcionament de la xarxa, disposant per a aix\u00f2 d'un equip t\u00e8cnic i inform\u00e0tic adequat.<\/span><\/p><p class=\"p2\"><span class=\"s2\">El CLIENT es compromet a utilitzar els serveis que es posen a la seva disposici\u00f3 de bona fe, sense vulnerar les lleis vigents en qualsevol mat\u00e8ria o infringir drets de terceres persones, aix\u00ed com al pagament del servei seleccionat en el temps i forma fixat en les presents condicions de venda.<\/span><\/p><p class=\"p2\"><span class=\"s2\">ROSA CONTRERAS no garanteix que la disponibilitat del servei objecte d'aquest contracte sigui cont\u00ednua i ininterrompuda, per circumst\u00e0ncies originades per problemes en la xarxa d'Internet, avaries en els dispositius inform\u00e0tics i altres circumst\u00e0ncies imprevisibles. De manera que el CLIENT accepta suportar dins d'uns l\u00edmits raonables aquestes circumst\u00e0ncies, per la qual cosa renuncia expressament a reclamar a ROSA CONTRERAS qualsevol responsabilitat contractual o extracontractual per les possibles fallades, errors i \u00fas del servei contractat.<\/span><\/p><p class=\"p2\"><span class=\"s2\"><b>11. COMUNICACIONS<\/b><\/span><\/p><p class=\"p2\"><span class=\"s2\">Totes les notificacions entre les parts es realitzaran preferentment a trav\u00e9s de correu electr\u00f2nic. El CLIENT \u00e9s responsable de la confirmaci\u00f3 de la recepci\u00f3 de les notificacions i de posar en coneixement de ROSA CONTRERAS qualsevol modificaci\u00f3 sobre les seves dades, quedant aquesta exonerada de qualsevol responsabilitat derivada per aquesta circumst\u00e0ncia. En cas de modificaci\u00f3 el CLIENT haur\u00e0 de posar-lo en coneixement de ROSA CONTRERAS en l'e-mail o tel\u00e8fons indicats en la nostra p\u00e0gina web.<\/span><\/p><p class=\"p2\"><span class=\"s2\">En compliment de l'article 21 de la Llei 34\/2002 de Serveis de la Societat de la Informaci\u00f3 i Comer\u00e7 electr\u00f2nic, l'informem que els nostres enviaments comercials i informacions relatives a la nostra web i als serveis i continguts en ella oferts, es realitzaran per mitj\u00e0 de correu electr\u00f2nic a l'adre\u00e7a d'e-mail que ens faciliti, sempre amb car\u00e0cter revocable. En tot cas, t\u00e9 l'opci\u00f3 de rebutjar les nostres comunicacions comercials enviant un correu electr\u00f2nic a l'adre\u00e7a <a href=\"mailto:hola@rosacontreras.net\"><span class=\"s4\">hola@rosacontreras.net<\/span><\/a> indicant en l'assumpte la paraula BAIXA.<\/span><\/p><p class=\"p2\"><span class=\"s2\"><b>12. COMPROM\u00cdS, ACCEPTACI\u00d3 I VALIDESA DEL CONTRACTE<\/b><\/span><\/p><p class=\"p2\"><span class=\"s2\">El CLIENT reconeix haver llegit i acceptat les condicions legals d'\u00fas i la pol\u00edtica de privacitat de la p\u00e0gina web.<\/span><\/p><p class=\"p2\"><span class=\"s2\">El CLIENT reconeix que ha ent\u00e8s tota la informaci\u00f3 respecte als serveis i continguts oferts en la nostra p\u00e0gina web, aix\u00ed com totes les condicions i estipulacions recollides en el present contracte electr\u00f2nic, per la qual cosa afirma que s\u00f3n suficients per a l'exclusi\u00f3 de l'error en el consentiment del present contracte i, per tant, les accepta integra i expressament.<\/span><\/p><p class=\"p2\"><span class=\"s2\">El CLIENT \u00e9s plenament conscient que l'acceptaci\u00f3 i execuci\u00f3 del present contracte tindr\u00e0 lloc per mitj\u00e0 del subministrament de les seves dades i la pulsaci\u00f3 del bot\u00f3 \u201cSubscriure's ara\u201d indicat en la nostra p\u00e0gina web i que es perfeccionar\u00e0 amb el pagament del servei.<\/span><\/p><p class=\"p2\"><span class=\"s2\"><b>14. NORMATIVA APLICABLE<\/b><\/span><\/p><p class=\"p4\"><span class=\"s2\">El present contracte es regir\u00e0 i interpretar\u00e0 d'acord amb les lleis espanyoles.<\/span><\/p><p class=\"p4\"><span class=\"s2\">En el cas que es produeixi qualsevol tipus de discrep\u00e0ncia o difer\u00e8ncia entre les parts en relaci\u00f3 amb la interpretaci\u00f3, contingut o execuci\u00f3 del Contracte que no sigui solucionada de mutu acord, les Parts se sotmetran als jutjats o tribunals que resultessin competents en cada cas que, per a persones CLIENT consumidors o usuaris, seran els jutjats o tribunals del seu domicili. <\/span><\/p><p class=\"p4\"><span class=\"s2\">En cas de no existir un fur imperatiu o en els casos en qu\u00e8 es prevegi que les parts puguin sotmetre's a un fur, aquestes se sotmetran als Jutjats i\/o Tribunals de la ciutat de Girona, amb ren\u00fancia expressa de qualsevol altre que els pogu\u00e9s correspondre.<\/span><\/p><p class=\"p4\"><span class=\"s2\">Aix\u00ed mateix, posem a la disposici\u00f3 de la persona CLIENT el seg\u00fcent enlla\u00e7 d'acc\u00e9s a la plataforma de resoluci\u00f3 de litigis en l\u00ednia oficial de la Comissi\u00f3 Europea. \u00a0 <\/span><\/p><p class=\"p11\"><span class=\"s5\"><a href=\"https:\/\/ec.europa.eu\/consumers\/odr\/main\/index.cfm?event=main.home2.show&amp;lng=ES\" target=\"_blank\" rel=\"noopener\">https:\/\/ec.europa.eu\/consumers\/odr\/main\/index.cfm?event=main.home2.show&amp;lng=ES<\/a><\/span><\/p><p class=\"p2\"><span class=\"s2\"><b>15. DADES PERSONALS <\/b><\/span><\/p><p class=\"p12\"><span class=\"s7\">Veure <\/span><a href=\"\/ca\/politica-de-privacidad\/\"><span class=\"s5\">Pol\u00edtica de Privacitat<\/span><\/a><span class=\"s7\">.<\/span><\/p><p class=\"p2\"><span class=\"s2\">Atenci\u00f3: Les presents Condicions Generals de Compra han estat actualitzades amb data 22\/02\/2024. En qualsevol moment podem procedir a la seva modificaci\u00f3, aix\u00ed com variar la relaci\u00f3 dels preus i serveis oferts. Si us plau, comprovi la data d'emissi\u00f3 en cada ocasi\u00f3 en qu\u00e8 es connecti a la nostra p\u00e0gina Web i aix\u00ed tindr\u00e0 la certesa que no s'ha produ\u00eft cap modificaci\u00f3 que l'afecti.<\/span><\/p>\t\t\t\t\t\t\t\t<\/div>\n\t\t\t\t<\/div>\n\t\t\t\t<\/div>\n\t\t\t\t<\/div>","protected":false},"excerpt":{"rendered":"<p>Condiciones de contrataci\u00f3n El presente acuerdo regula las condiciones generales de compra de la suscripci\u00f3n a los contenidos (aula virtual de yoga, meditaciones y LK Movimiento Inteligente) ofertados en la presente p\u00e1gina web por ROSA CONTRERAS HERAS (en adelante ROSA CONTRERAS) con NIF n\u00ba 40435946Z y domicilio en C\/Dr. Ferran, 2, 17190, Salt (Girona). La [&hellip;]<\/p>\n","protected":false},"author":1,"featured_media":0,"parent":0,"menu_order":0,"comment_status":"closed","ping_status":"closed","template":"","meta":{"pmpro_default_level":"","footnotes":""},"class_list":["post-1242","page","type-page","status-publish","hentry","pmpro-has-access"],"_links":{"self":[{"href":"https:\/\/www.rosacontreras.net\/ca\/wp-json\/wp\/v2\/pages\/1242","targetHints":{"allow":["GET"]}}],"collection":[{"href":"https:\/\/www.rosacontreras.net\/ca\/wp-json\/wp\/v2\/pages"}],"about":[{"href":"https:\/\/www.rosacontreras.net\/ca\/wp-json\/wp\/v2\/types\/page"}],"author":[{"embeddable":true,"href":"https:\/\/www.rosacontreras.net\/ca\/wp-json\/wp\/v2\/users\/1"}],"replies":[{"embeddable":true,"href":"https:\/\/www.rosacontreras.net\/ca\/wp-json\/wp\/v2\/comments?post=1242"}],"version-history":[{"count":0,"href":"https:\/\/www.rosacontreras.net\/ca\/wp-json\/wp\/v2\/pages\/1242\/revisions"}],"wp:attachment":[{"href":"https:\/\/www.rosacontreras.net\/ca\/wp-json\/wp\/v2\/media?parent=1242"}],"curies":[{"name":"wp","href":"https:\/\/api.w.org\/{rel}","templated":true}]}}